{"id":273,"date":"2024-05-11T12:29:46","date_gmt":"2024-05-11T12:29:46","guid":{"rendered":"https:\/\/haycon-ba.de\/?page_id=273"},"modified":"2026-02-17T10:49:23","modified_gmt":"2026-02-17T10:49:23","slug":"kundenspezifische-mischungen","status":"publish","type":"page","link":"https:\/\/haycon-ba.de\/en\/kundenspezifische-mischungen\/","title":{"rendered":"Customised blends"},"content":{"rendered":"<style>.elementor-273 .elementor-element.elementor-element-3fcced4:not(.elementor-motion-effects-element-type-background), .elementor-273 .elementor-element.elementor-element-3fcced4 > .elementor-motion-effects-container > .elementor-motion-effects-layer{background-color:#000000;background-image:url(\"https:\/\/haycon-ba.de\/wp-content\/uploads\/2026\/01\/Header_02.png\");}.elementor-273 .elementor-element.elementor-element-3fcced4 > .elementor-container{min-height:400px;}.elementor-273 .elementor-element.elementor-element-3fcced4{transition:background 0.3s, border 0.3s, border-radius 0.3s, box-shadow 0.3s;margin-top:-105px;margin-bottom:0px;}.elementor-273 .elementor-element.elementor-element-3fcced4 > .elementor-background-overlay{transition:background 0.3s, border-radius 0.3s, opacity 0.3s;}.elementor-widget-heading .elementor-heading-title{font-family:var( --e-global-typography-primary-font-family ), Sans-serif;font-weight:var( --e-global-typography-primary-font-weight );color:var( --e-global-color-primary );}.elementor-273 .elementor-element.elementor-element-78f41c9{text-align:center;}.elementor-273 .elementor-element.elementor-element-78f41c9 .elementor-heading-title{font-family:\"Work Sans\", Sans-serif;font-size:50px;font-weight:300;color:#FFFFFF;}.elementor-273 .elementor-element.elementor-element-f7f4397 > .elementor-container > .elementor-column > .elementor-widget-wrap{align-content:center;align-items:center;}.elementor-273 .elementor-element.elementor-element-f7f4397 > .elementor-container{max-width:1300px;}.elementor-273 .elementor-element.elementor-element-f7f4397{margin-top:100px;margin-bottom:100px;}.elementor-widget-image .widget-image-caption{color:var( --e-global-color-text );font-family:var( --e-global-typography-text-font-family ), Sans-serif;font-weight:var( --e-global-typography-text-font-weight );}.elementor-273 .elementor-element.elementor-element-71feb00 img{height:500px;}.elementor-273 .elementor-element.elementor-element-22ca1fa > .elementor-element-populated{margin:0px 0px 0px 0px;--e-column-margin-right:0px;--e-column-margin-left:0px;padding:0px 0px 0px 50px;}.elementor-273 .elementor-element.elementor-element-4ccb61b .elementor-heading-title{font-family:\"DM Sans\", Sans-serif;font-weight:300;text-transform:none;letter-spacing:-1px;color:#1EA882;}.elementor-widget-text-editor{font-family:var( --e-global-typography-text-font-family ), Sans-serif;font-weight:var( --e-global-typography-text-font-weight );color:var( --e-global-color-text );}.elementor-widget-text-editor.elementor-drop-cap-view-stacked .elementor-drop-cap{background-color:var( --e-global-color-primary );}.elementor-widget-text-editor.elementor-drop-cap-view-framed .elementor-drop-cap, .elementor-widget-text-editor.elementor-drop-cap-view-default .elementor-drop-cap{color:var( --e-global-color-primary );border-color:var( --e-global-color-primary );}.elementor-273 .elementor-element.elementor-element-d7d9842 > .elementor-widget-container{padding:0px 0px 0px 0px;}.elementor-273 .elementor-element.elementor-element-d7d9842{font-family:\"DM Sans\", Sans-serif;font-size:17px;font-weight:400;line-height:24px;letter-spacing:0px;color:#000000;}.elementor-widget-button .elementor-button{background-color:var( --e-global-color-accent );font-family:var( --e-global-typography-accent-font-family ), Sans-serif;font-weight:var( --e-global-typography-accent-font-weight );}.elementor-273 .elementor-element.elementor-element-fdcaef3 .elementor-button{background-color:#CBCBCB00;font-family:\"Helvetica\", Sans-serif;font-size:13px;font-weight:100;text-transform:none;text-decoration:underline;line-height:21px;letter-spacing:3.5px;fill:#000000;color:#000000;border-style:solid;border-width:2px 2px 2px 2px;border-color:#CBCBCB;border-radius:0px 0px 0px 0px;}.elementor-273 .elementor-element.elementor-element-fdcaef3 > .elementor-widget-container{margin:0px 0px 0px 0px;}.elementor-273 .elementor-element.elementor-element-fdcaef3 .elementor-button-content-wrapper{flex-direction:row-reverse;}.elementor-273 .elementor-element.elementor-element-fdcaef3 .elementor-button .elementor-button-content-wrapper{gap:12px;}.elementor-273 .elementor-element.elementor-element-7d132b4:not(.elementor-motion-effects-element-type-background), .elementor-273 .elementor-element.elementor-element-7d132b4 > .elementor-motion-effects-container > .elementor-motion-effects-layer{background-color:#CBCBCB20;}.elementor-273 .elementor-element.elementor-element-7d132b4{transition:background 0.3s, border 0.3s, border-radius 0.3s, box-shadow 0.3s;}.elementor-273 .elementor-element.elementor-element-7d132b4 > .elementor-background-overlay{transition:background 0.3s, border-radius 0.3s, opacity 0.3s;}.elementor-273 .elementor-element.elementor-element-845aa6c > .elementor-container > .elementor-column > .elementor-widget-wrap{align-content:center;align-items:center;}.elementor-273 .elementor-element.elementor-element-845aa6c > .elementor-container{max-width:1300px;}.elementor-273 .elementor-element.elementor-element-845aa6c{transition:background 0.3s, border 0.3s, border-radius 0.3s, box-shadow 0.3s;margin-top:100px;margin-bottom:100px;}.elementor-273 .elementor-element.elementor-element-845aa6c > .elementor-background-overlay{transition:background 0.3s, border-radius 0.3s, opacity 0.3s;}.elementor-273 .elementor-element.elementor-element-1bc1150 .elementor-heading-title{font-family:\"DM Sans\", Sans-serif;font-weight:300;text-transform:none;letter-spacing:-1px;color:#1EA882;}.elementor-273 .elementor-element.elementor-element-8bbe49d > .elementor-widget-container{padding:0px 30px 0px 0px;}.elementor-273 .elementor-element.elementor-element-8bbe49d{font-family:\"DM Sans\", Sans-serif;font-size:17px;font-weight:400;line-height:24px;letter-spacing:0px;color:#000000;}.elementor-273 .elementor-element.elementor-element-9d10c3f .elementor-button{background-color:#CBCBCB00;font-family:\"Helvetica\", Sans-serif;font-size:13px;font-weight:100;text-transform:none;text-decoration:underline;line-height:21px;letter-spacing:3.5px;fill:#000000;color:#000000;border-style:solid;border-width:2px 2px 2px 2px;border-color:#CBCBCB;border-radius:0px 0px 0px 0px;}.elementor-273 .elementor-element.elementor-element-9d10c3f > .elementor-widget-container{margin:0px 0px 0px 0px;}.elementor-273 .elementor-element.elementor-element-9d10c3f .elementor-button-content-wrapper{flex-direction:row-reverse;}.elementor-273 .elementor-element.elementor-element-9d10c3f .elementor-button .elementor-button-content-wrapper{gap:12px;}.elementor-273 .elementor-element.elementor-element-2bc9f9a > .elementor-element-populated{padding:0px 0px 0px 50px;}.elementor-273 .elementor-element.elementor-element-8deb759 img{height:500px;object-fit:cover;object-position:center center;}:root{--page-title-display:none;}@media(min-width:481px){.elementor-273 .elementor-element.elementor-element-839408f{width:47.308%;}.elementor-273 .elementor-element.elementor-element-22ca1fa{width:52.615%;}.elementor-273 .elementor-element.elementor-element-e5413ff{width:47.3%;}.elementor-273 .elementor-element.elementor-element-2bc9f9a{width:52.623%;}}@media(max-width:1366px) and (min-width:481px){.elementor-273 .elementor-element.elementor-element-e5413ff{width:47.3%;}}@media(max-width:1024px) and (min-width:481px){.elementor-273 .elementor-element.elementor-element-839408f{width:100%;}.elementor-273 .elementor-element.elementor-element-22ca1fa{width:100%;}.elementor-273 .elementor-element.elementor-element-e5413ff{width:100%;}.elementor-273 .elementor-element.elementor-element-2bc9f9a{width:100%;}}@media(max-width:1366px){.elementor-273 .elementor-element.elementor-element-46df0c4{padding:0px 20px 0px 20px;}.elementor-273 .elementor-element.elementor-element-7d132b4{padding:0px 20px 0px 20px;}.elementor-273 .elementor-element.elementor-element-845aa6c{margin-top:100px;margin-bottom:100px;}.elementor-273 .elementor-element.elementor-element-2bc9f9a > .elementor-element-populated{padding:0px 0px 0px 50px;}.elementor-273 .elementor-element.elementor-element-8deb759 img{height:650px;object-fit:cover;}}@media(max-width:1200px){.elementor-273 .elementor-element.elementor-element-f7f4397{margin-top:100px;margin-bottom:100px;}.elementor-273 .elementor-element.elementor-element-71feb00 img{height:680px;object-fit:cover;}.elementor-273 .elementor-element.elementor-element-845aa6c{margin-top:100px;margin-bottom:100px;}.elementor-273 .elementor-element.elementor-element-8deb759 img{height:700px;object-fit:cover;}}@media(max-width:1024px){.elementor-273 .elementor-element.elementor-element-f7f4397{margin-top:50px;margin-bottom:50px;}.elementor-273 .elementor-element.elementor-element-71feb00{text-align:start;}.elementor-273 .elementor-element.elementor-element-71feb00 img{width:100%;}.elementor-273 .elementor-element.elementor-element-22ca1fa > .elementor-element-populated{margin:20px 0px 0px 0px;--e-column-margin-right:0px;--e-column-margin-left:0px;padding:0px 0px 0px 010px;}.elementor-273 .elementor-element.elementor-element-845aa6c{margin-top:50px;margin-bottom:50px;}.elementor-273 .elementor-element.elementor-element-e5413ff > .elementor-element-populated{margin:20px 0px 0px 0px;--e-column-margin-right:0px;--e-column-margin-left:0px;}.elementor-273 .elementor-element.elementor-element-2bc9f9a > .elementor-element-populated{padding:10px 10px 10px 10px;}.elementor-273 .elementor-element.elementor-element-8deb759 img{height:500px;}}@media(max-width:786px){.elementor-273 .elementor-element.elementor-element-78f41c9 .elementor-heading-title{font-size:35px;letter-spacing:-1px;}.elementor-273 .elementor-element.elementor-element-839408f > .elementor-element-populated{padding:0px 0px 0px 0px;}.elementor-273 .elementor-element.elementor-element-71feb00 img{height:400px;}.elementor-273 .elementor-element.elementor-element-22ca1fa > .elementor-element-populated{padding:0px 0px 0px 0px;}.elementor-273 .elementor-element.elementor-element-4ccb61b .elementor-heading-title{font-size:25px;}.elementor-273 .elementor-element.elementor-element-e5413ff > .elementor-element-populated{margin:20px 0px 0px 0px;--e-column-margin-right:0px;--e-column-margin-left:0px;padding:0px 0px 0px 0px;}.elementor-273 .elementor-element.elementor-element-1bc1150 .elementor-heading-title{font-size:25px;}.elementor-273 .elementor-element.elementor-element-2bc9f9a > .elementor-element-populated{padding:0px 0px 0px 0px;}.elementor-273 .elementor-element.elementor-element-8deb759 img{height:327px;object-fit:cover;}}@media(max-width:480px){.elementor-273 .elementor-element.elementor-element-46df0c4{padding:0px 20px 0px 20px;}.elementor-273 .elementor-element.elementor-element-71feb00 img{height:291px;}.elementor-273 .elementor-element.elementor-element-22ca1fa > .elementor-element-populated{margin:20px 0px 0px 0px;--e-column-margin-right:0px;--e-column-margin-left:0px;padding:0px 0px 0px 0px;}.elementor-273 .elementor-element.elementor-element-4ccb61b .elementor-heading-title{font-size:24px;}.elementor-273 .elementor-element.elementor-element-d7d9842 > .elementor-widget-container{padding:0px 0px 0px 0px;}.elementor-273 .elementor-element.elementor-element-d7d9842{font-size:14px;line-height:1.9em;}.elementor-273 .elementor-element.elementor-element-8bbe49d > .elementor-widget-container{padding:0px 0px 0px 0px;}.elementor-273 .elementor-element.elementor-element-8bbe49d{font-size:14px;line-height:1.9em;}.elementor-273 .elementor-element.elementor-element-8deb759 img{height:193px;}}<\/style>\t\t<div data-elementor-type=\"wp-page\" data-elementor-id=\"273\" class=\"elementor elementor-273\" data-elementor-post-type=\"page\">\n\t\t\t\t\t\t<section class=\"elementor-section elementor-top-section elementor-element elementor-element-3fcced4 elementor-section-full_width elementor-section-height-min-height elementor-section-height-default elementor-section-items-middle\" data-id=\"3fcced4\" data-element_type=\"section\" data-settings=\"{&quot;background_background&quot;:&quot;classic&quot;}\">\n\t\t\t\t\t\t<div class=\"elementor-container elementor-column-gap-default\">\n\t\t\t\t\t<div class=\"elementor-column elementor-col-100 elementor-top-column elementor-element elementor-element-0d1773b\" data-id=\"0d1773b\" data-element_type=\"column\">\n\t\t\t<div class=\"elementor-widget-wrap elementor-element-populated\">\n\t\t\t\t\t\t<div class=\"elementor-element elementor-element-78f41c9 elementor-widget elementor-widget-heading\" data-id=\"78f41c9\" data-element_type=\"widget\" data-widget_type=\"heading.default\">\n\t\t\t\t<div class=\"elementor-widget-container\">\n\t\t\t\t\t<h2 class=\"elementor-heading-title elementor-size-default\">Customised blends<\/h2>\t\t\t\t<\/div>\n\t\t\t\t<\/div>\n\t\t\t\t\t<\/div>\n\t\t<\/div>\n\t\t\t\t\t<\/div>\n\t\t<\/section>\n\t\t\t\t<section class=\"elementor-section elementor-top-section elementor-element elementor-element-46df0c4 elementor-section-full_width elementor-section-height-default elementor-section-height-default\" data-id=\"46df0c4\" data-element_type=\"section\">\n\t\t\t\t\t\t<div class=\"elementor-container elementor-column-gap-default\">\n\t\t\t\t\t<div class=\"elementor-column elementor-col-100 elementor-top-column elementor-element elementor-element-0cab8b1\" data-id=\"0cab8b1\" data-element_type=\"column\">\n\t\t\t<div class=\"elementor-widget-wrap elementor-element-populated\">\n\t\t\t\t\t\t<section class=\"elementor-section elementor-inner-section elementor-element elementor-element-f7f4397 elementor-section-content-middle elementor-section-boxed elementor-section-height-default elementor-section-height-default\" data-id=\"f7f4397\" data-element_type=\"section\">\n\t\t\t\t\t\t<div class=\"elementor-container elementor-column-gap-default\">\n\t\t\t\t\t<div class=\"elementor-column elementor-col-50 elementor-inner-column elementor-element elementor-element-839408f\" data-id=\"839408f\" data-element_type=\"column\">\n\t\t\t<div class=\"elementor-widget-wrap elementor-element-populated\">\n\t\t\t\t\t\t<div class=\"elementor-element elementor-element-71feb00 elementor-widget elementor-widget-image\" data-id=\"71feb00\" data-element_type=\"widget\" data-widget_type=\"image.default\">\n\t\t\t\t<div class=\"elementor-widget-container\">\n\t\t\t\t\t\t\t\t\t\t\t\t\t\t\t<img fetchpriority=\"high\" decoding=\"async\" width=\"1024\" height=\"681\" src=\"https:\/\/haycon-ba.de\/wp-content\/uploads\/2024\/06\/colorful-various-herbs-and-spices-for-cooking-on-d-2023-11-27-05-25-53-utc-1024x681.jpeg\" class=\"attachment-large size-large wp-image-1120\" alt=\"\" srcset=\"https:\/\/haycon-ba.de\/wp-content\/uploads\/2024\/06\/colorful-various-herbs-and-spices-for-cooking-on-d-2023-11-27-05-25-53-utc-1024x681.jpeg 1024w, https:\/\/haycon-ba.de\/wp-content\/uploads\/2024\/06\/colorful-various-herbs-and-spices-for-cooking-on-d-2023-11-27-05-25-53-utc-300x200.jpeg 300w, https:\/\/haycon-ba.de\/wp-content\/uploads\/2024\/06\/colorful-various-herbs-and-spices-for-cooking-on-d-2023-11-27-05-25-53-utc-768x511.jpeg 768w, https:\/\/haycon-ba.de\/wp-content\/uploads\/2024\/06\/colorful-various-herbs-and-spices-for-cooking-on-d-2023-11-27-05-25-53-utc-1536x1022.jpeg 1536w, https:\/\/haycon-ba.de\/wp-content\/uploads\/2024\/06\/colorful-various-herbs-and-spices-for-cooking-on-d-2023-11-27-05-25-53-utc-2048x1363.jpeg 2048w\" sizes=\"(max-width: 1024px) 100vw, 1024px\" \/>\t\t\t\t\t\t\t\t\t\t\t\t\t\t\t<\/div>\n\t\t\t\t<\/div>\n\t\t\t\t\t<\/div>\n\t\t<\/div>\n\t\t\t\t<div class=\"elementor-column elementor-col-50 elementor-inner-column elementor-element elementor-element-22ca1fa\" data-id=\"22ca1fa\" data-element_type=\"column\">\n\t\t\t<div class=\"elementor-widget-wrap elementor-element-populated\">\n\t\t\t\t\t\t<div class=\"elementor-element elementor-element-4ccb61b elementor-widget elementor-widget-heading\" data-id=\"4ccb61b\" data-element_type=\"widget\" data-widget_type=\"heading.default\">\n\t\t\t\t<div class=\"elementor-widget-container\">\n\t\t\t\t\t<h2 class=\"elementor-heading-title elementor-size-default\">Flavor blends<\/h2>\t\t\t\t<\/div>\n\t\t\t\t<\/div>\n\t\t\t\t<div class=\"elementor-element elementor-element-d7d9842 elementor-widget elementor-widget-text-editor\" data-id=\"d7d9842\" data-element_type=\"widget\" data-widget_type=\"text-editor.default\">\n\t\t\t\t<div class=\"elementor-widget-container\">\n\t\t\t\t\t\t\t\t\t<p>We supply reliable, standardised all-in-one compounds that have proven their worth. These consist of individual seasoning and functional components to fulfil the necessary requirements.  Various desired criteria such as shelf life, food safety, economic aspects and an ideal flavour can be selected for the right product. We are orientated towards the meat products industry and the craft and snack food industry.<\/p><p>Feel free to ask us for a customised mix just for you!<\/p>\t\t\t\t\t\t\t\t<\/div>\n\t\t\t\t<\/div>\n\t\t\t\t<div class=\"elementor-element elementor-element-fdcaef3 elementor-widget elementor-widget-button\" data-id=\"fdcaef3\" data-element_type=\"widget\" data-widget_type=\"button.default\">\n\t\t\t\t<div class=\"elementor-widget-container\">\n\t\t\t\t\t\t\t\t\t<div class=\"elementor-button-wrapper\">\n\t\t\t\t\t<a class=\"elementor-button elementor-button-link elementor-size-sm\" href=\"https:\/\/haycon-ba.de\/en\/kontakt\/\">\n\t\t\t\t\t\t<span class=\"elementor-button-content-wrapper\">\n\t\t\t\t\t\t<span class=\"elementor-button-icon\">\n\t\t\t\t<svg aria-hidden=\"true\" class=\"e-font-icon-svg e-fas-long-arrow-alt-right\" viewbox=\"0 0 448 512\" xmlns=\"http:\/\/www.w3.org\/2000\/svg\"><path d=\"M313.941 216H12c-6.627 0-12 5.373-12 12v56c0 6.627 5.373 12 12 12h301.941v46.059c0 21.382 25.851 32.09 40.971 16.971l86.059-86.059c9.373-9.373 9.373-24.569 0-33.941l-86.059-86.059c-15.119-15.119-40.971-4.411-40.971 16.971V216z\"><\/path><\/svg>\t\t\t<\/span>\n\t\t\t\t\t\t\t\t\t<span class=\"elementor-button-text\">Contact <\/span>\n\t\t\t\t\t<\/span>\n\t\t\t\t\t<\/a>\n\t\t\t\t<\/div>\n\t\t\t\t\t\t\t\t<\/div>\n\t\t\t\t<\/div>\n\t\t\t\t\t<\/div>\n\t\t<\/div>\n\t\t\t\t\t<\/div>\n\t\t<\/section>\n\t\t\t\t\t<\/div>\n\t\t<\/div>\n\t\t\t\t\t<\/div>\n\t\t<\/section>\n\t\t\t\t<section class=\"elementor-section elementor-top-section elementor-element elementor-element-7d132b4 elementor-section-full_width elementor-section-height-default elementor-section-height-default\" data-id=\"7d132b4\" data-element_type=\"section\" data-settings=\"{&quot;background_background&quot;:&quot;classic&quot;}\">\n\t\t\t\t\t\t<div class=\"elementor-container elementor-column-gap-default\">\n\t\t\t\t\t<div class=\"elementor-column elementor-col-100 elementor-top-column elementor-element elementor-element-9cb3285\" data-id=\"9cb3285\" data-element_type=\"column\">\n\t\t\t<div class=\"elementor-widget-wrap elementor-element-populated\">\n\t\t\t\t\t\t<section class=\"elementor-section elementor-inner-section elementor-element elementor-element-845aa6c elementor-section-content-middle elementor-reverse-tablet elementor-reverse-mobile_extra elementor-reverse-mobile elementor-section-boxed elementor-section-height-default elementor-section-height-default\" data-id=\"845aa6c\" data-element_type=\"section\" data-settings=\"{&quot;background_background&quot;:&quot;classic&quot;}\">\n\t\t\t\t\t\t<div class=\"elementor-container elementor-column-gap-default\">\n\t\t\t\t\t<div class=\"elementor-column elementor-col-50 elementor-inner-column elementor-element elementor-element-e5413ff\" data-id=\"e5413ff\" data-element_type=\"column\">\n\t\t\t<div class=\"elementor-widget-wrap elementor-element-populated\">\n\t\t\t\t\t\t<div class=\"elementor-element elementor-element-1bc1150 elementor-widget elementor-widget-heading\" data-id=\"1bc1150\" data-element_type=\"widget\" data-widget_type=\"heading.default\">\n\t\t\t\t<div class=\"elementor-widget-container\">\n\t\t\t\t\t<h2 class=\"elementor-heading-title elementor-size-default\">Functional blends<\/h2>\t\t\t\t<\/div>\n\t\t\t\t<\/div>\n\t\t\t\t<div class=\"elementor-element elementor-element-8bbe49d elementor-widget elementor-widget-text-editor\" data-id=\"8bbe49d\" data-element_type=\"widget\" data-widget_type=\"text-editor.default\">\n\t\t\t\t<div class=\"elementor-widget-container\">\n\t\t\t\t\t\t\t\t\t<p>A constant challenge is to ensure the safety of meat and fish products at all stages of production in order to guarantee fresh, high-quality products throughout their shelf life.<br>Functional components of the all-in-one compounds consist of natural substances, for the use of desired criteria such as shelf life &amp; food safety. Economic aspects and an ideal flavour must also be taken into account.<br><br>Feel free to ask us for a customised mix just for you!<\/p>\t\t\t\t\t\t\t\t<\/div>\n\t\t\t\t<\/div>\n\t\t\t\t<div class=\"elementor-element elementor-element-9d10c3f elementor-widget elementor-widget-button\" data-id=\"9d10c3f\" data-element_type=\"widget\" data-widget_type=\"button.default\">\n\t\t\t\t<div class=\"elementor-widget-container\">\n\t\t\t\t\t\t\t\t\t<div class=\"elementor-button-wrapper\">\n\t\t\t\t\t<a class=\"elementor-button elementor-button-link elementor-size-sm\" href=\"https:\/\/haycon-ba.de\/en\/kontakt\/\">\n\t\t\t\t\t\t<span class=\"elementor-button-content-wrapper\">\n\t\t\t\t\t\t<span class=\"elementor-button-icon\">\n\t\t\t\t<svg aria-hidden=\"true\" class=\"e-font-icon-svg e-fas-long-arrow-alt-right\" viewbox=\"0 0 448 512\" xmlns=\"http:\/\/www.w3.org\/2000\/svg\"><path d=\"M313.941 216H12c-6.627 0-12 5.373-12 12v56c0 6.627 5.373 12 12 12h301.941v46.059c0 21.382 25.851 32.09 40.971 16.971l86.059-86.059c9.373-9.373 9.373-24.569 0-33.941l-86.059-86.059c-15.119-15.119-40.971-4.411-40.971 16.971V216z\"><\/path><\/svg>\t\t\t<\/span>\n\t\t\t\t\t\t\t\t\t<span class=\"elementor-button-text\">Contact <\/span>\n\t\t\t\t\t<\/span>\n\t\t\t\t\t<\/a>\n\t\t\t\t<\/div>\n\t\t\t\t\t\t\t\t<\/div>\n\t\t\t\t<\/div>\n\t\t\t\t\t<\/div>\n\t\t<\/div>\n\t\t\t\t<div class=\"elementor-column elementor-col-50 elementor-inner-column elementor-element elementor-element-2bc9f9a\" data-id=\"2bc9f9a\" data-element_type=\"column\">\n\t\t\t<div class=\"elementor-widget-wrap elementor-element-populated\">\n\t\t\t\t\t\t<div class=\"elementor-element elementor-element-8deb759 elementor-widget elementor-widget-image\" data-id=\"8deb759\" data-element_type=\"widget\" data-widget_type=\"image.default\">\n\t\t\t\t<div class=\"elementor-widget-container\">\n\t\t\t\t\t\t\t\t\t\t\t\t\t\t\t<img decoding=\"async\" width=\"1024\" height=\"731\" src=\"https:\/\/haycon-ba.de\/wp-content\/uploads\/2024\/06\/19406454-1024x731.jpg\" class=\"attachment-large size-large wp-image-1124\" alt=\"\" srcset=\"https:\/\/haycon-ba.de\/wp-content\/uploads\/2024\/06\/19406454-1024x731.jpg 1024w, https:\/\/haycon-ba.de\/wp-content\/uploads\/2024\/06\/19406454-300x214.jpg 300w, https:\/\/haycon-ba.de\/wp-content\/uploads\/2024\/06\/19406454-768x549.jpg 768w, https:\/\/haycon-ba.de\/wp-content\/uploads\/2024\/06\/19406454-1536x1097.jpg 1536w, https:\/\/haycon-ba.de\/wp-content\/uploads\/2024\/06\/19406454-2048x1463.jpg 2048w\" sizes=\"(max-width: 1024px) 100vw, 1024px\" \/>\t\t\t\t\t\t\t\t\t\t\t\t\t\t\t<\/div>\n\t\t\t\t<\/div>\n\t\t\t\t\t<\/div>\n\t\t<\/div>\n\t\t\t\t\t<\/div>\n\t\t<\/section>\n\t\t\t\t\t<\/div>\n\t\t<\/div>\n\t\t\t\t\t<\/div>\n\t\t<\/section>\n\t\t\t\t<\/div>","protected":false},"excerpt":{"rendered":"<p>Kundenspezifische Mischungen Geschmacksmischungen Wir liefern zuverl\u00e4ssige, standardisierte All-in-One-Compunds, die sich bew\u00e4hrt haben. Diese bestehen aus den individuellen W\u00fcrz- und Funktionsbausteinen, [&hellip;]<\/p>","protected":false},"author":1,"featured_media":0,"parent":0,"menu_order":0,"comment_status":"closed","ping_status":"closed","template":"","meta":{"site-sidebar-layout":"no-sidebar","site-content-layout":"","ast-site-content-layout":"full-width-container","site-content-style":"default","site-sidebar-style":"default","ast-global-header-display":"","ast-banner-title-visibility":"","ast-main-header-display":"","ast-hfb-above-header-display":"","ast-hfb-below-header-display":"","ast-hfb-mobile-header-display":"","site-post-title":"disabled","ast-breadcrumbs-content":"","ast-featured-img":"disabled","footer-sml-layout":"","theme-transparent-header-meta":"","adv-header-id-meta":"","stick-header-meta":"","header-above-stick-meta":"","header-main-stick-meta":"","header-below-stick-meta":"","astra-migrate-meta-layouts":"default","ast-page-background-enabled":"default","ast-page-background-meta":{"desktop":{"background-color":"var(--ast-global-color-4)","background-image":"","background-repeat":"repeat","background-position":"center center","background-size":"auto","background-attachment":"scroll","background-type":"","background-media":"","overlay-type":"","overlay-color":"","overlay-opacity":"","overlay-gradient":""},"tablet":{"background-color":"","background-image":"","background-repeat":"repeat","background-position":"center center","background-size":"auto","background-attachment":"scroll","background-type":"","background-media":"","overlay-type":"","overlay-color":"","overlay-opacity":"","overlay-gradient":""},"mobile":{"background-color":"","background-image":"","background-repeat":"repeat","background-position":"center center","background-size":"auto","background-attachment":"scroll","background-type":"","background-media":"","overlay-type":"","overlay-color":"","overlay-opacity":"","overlay-gradient":""}},"ast-content-background-meta":{"desktop":{"background-color":"var(--ast-global-color-5)","background-image":"","background-repeat":"repeat","background-position":"center center","background-size":"auto","background-attachment":"scroll","background-type":"","background-media":"","overlay-type":"","overlay-color":"","overlay-opacity":"","overlay-gradient":""},"tablet":{"background-color":"var(--ast-global-color-5)","background-image":"","background-repeat":"repeat","background-position":"center center","background-size":"auto","background-attachment":"scroll","background-type":"","background-media":"","overlay-type":"","overlay-color":"","overlay-opacity":"","overlay-gradient":""},"mobile":{"background-color":"var(--ast-global-color-5)","background-image":"","background-repeat":"repeat","background-position":"center center","background-size":"auto","background-attachment":"scroll","background-type":"","background-media":"","overlay-type":"","overlay-color":"","overlay-opacity":"","overlay-gradient":""}},"footnotes":""},"class_list":["post-273","page","type-page","status-publish","hentry"],"_links":{"self":[{"href":"https:\/\/haycon-ba.de\/en\/wp-json\/wp\/v2\/pages\/273","targetHints":{"allow":["GET"]}}],"collection":[{"href":"https:\/\/haycon-ba.de\/en\/wp-json\/wp\/v2\/pages"}],"about":[{"href":"https:\/\/haycon-ba.de\/en\/wp-json\/wp\/v2\/types\/page"}],"author":[{"embeddable":true,"href":"https:\/\/haycon-ba.de\/en\/wp-json\/wp\/v2\/users\/1"}],"replies":[{"embeddable":true,"href":"https:\/\/haycon-ba.de\/en\/wp-json\/wp\/v2\/comments?post=273"}],"version-history":[{"count":27,"href":"https:\/\/haycon-ba.de\/en\/wp-json\/wp\/v2\/pages\/273\/revisions"}],"predecessor-version":[{"id":3339,"href":"https:\/\/haycon-ba.de\/en\/wp-json\/wp\/v2\/pages\/273\/revisions\/3339"}],"wp:attachment":[{"href":"https:\/\/haycon-ba.de\/en\/wp-json\/wp\/v2\/media?parent=273"}],"curies":[{"name":"wp","href":"https:\/\/api.w.org\/{rel}","templated":true}]}}